{"id":14,"date":"2017-03-09T02:18:57","date_gmt":"2017-03-09T02:18:57","guid":{"rendered":"http:\/\/np.webdew.com.au\/br\/?page_id=14"},"modified":"2017-03-09T02:22:17","modified_gmt":"2017-03-09T02:22:17","slug":"fish-portos-offshore-moveis","status":"publish","type":"page","link":"https:\/\/nationalports.com\/br\/oleo-e-gas\/fish-portos-offshore-moveis\/","title":{"rendered":"FiSH\u2122 \u2013 Portos Offshore M\u00f3veis"},"content":{"rendered":"<div id=\"pl-14\"  class=\"panel-layout\" ><div id=\"pg-14-0\"  class=\"panel-grid panel-no-style\" ><div id=\"pgc-14-0-0\"  class=\"panel-grid-cell\" ><div id=\"panel-14-0-0-0\" class=\"so-panel widget widget_sow-editor panel-first-child panel-last-child\" data-index=\"0\" ><div\n\t\t\t\n\t\t\tclass=\"so-widget-sow-editor so-widget-sow-editor-base\"\n\t\t\t\n\t\t>\n<div class=\"siteorigin-widget-tinymce textwidget\">\n\t<p>Com restri\u00e7\u00f5es log\u00edsticas causando impacto a economia de projetos com implica\u00e7\u00f5es de bilh\u00f5es de d\u00f3lares, resolver o \u2018Problema da Dist\u00e2ncia\u2019 agora \u00e9 prioridade em toda a ind\u00fastria. Retirando log\u00edstica do caminho cr\u00edtico para a entrega de g\u00e1s, os portos flutuantes FiSH<sup>\u00ae<\/sup>reduzem despesas de capital, reduz riscos, e permite que fluxos de receita sejam incorporados mais cedo.<\/p>\n<ul class=\"checklist\">\n<li>Crescimento em capex sem precedentes em regi\u00f5es remotas, mal servidas e em alto crescimento<\/li>\n<li>Desenvolvimentos de bilh\u00f5es de d\u00f3lares dependentes de log\u00edstica inadequada<\/li>\n<li>Os portos e bases de fornecimento existentes incapazes de servir economicamente a fronteira de E&amp;D<\/li>\n<\/ul>\n<p>A solu\u00e7\u00e3o de portos flutuantes FiSH\u00ae da National Ports \u00e9 desenvolvida para atender as necessidades espec\u00edficas do setor energ\u00e9tico global, particularmente as regi\u00f5es em alto crescimento onde os desenvolvimentos s\u00e3o cada vez mais remotos ou dependentes de instala\u00e7\u00f5es costeiras inadequadas (muitas vezes n\u00e3o existentes).<\/p>\n<\/div>\n<\/div><\/div><\/div><\/div><div id=\"pg-14-1\"  class=\"panel-grid panel-no-style\" ><div id=\"pgc-14-1-0\"  class=\"panel-grid-cell\" ><div id=\"panel-14-1-0-0\" class=\"so-panel widget widget_sow-editor panel-first-child panel-last-child\" data-index=\"1\" ><div\n\t\t\t\n\t\t\tclass=\"so-widget-sow-editor so-widget-sow-editor-base\"\n\t\t\t\n\t\t><h3 class=\"widget-title\">Portos Flutuantes \u2013 3 Benef\u00edcios Chaves<\/h3>\n<div class=\"siteorigin-widget-tinymce textwidget\">\n\t<ol>\n<li>Para desenvolvimentos <strong>remotos<\/strong> costeiros os portos flutuantes FiSH\u00ae podem adiantar o cronograma em 2 anos abrindo o despacho ao local no dia um, antes de MOF, e sem dragagem. <a href=\"http:\/\/www.nationalports.com\/pt_br\/oleo-e-gas\/downstream-solutions\" hreflang=\"pt\">Leia mais...<\/a><\/li>\n<li>Para desenvolvimentos de montante remotos os portos flutuantes FiSH\u00ae cortam dias da cadeia de abastecimento, acabam com o estrangulamento e quest\u00f5es de seguran\u00e7a, reduzem o n\u00famero de esta\u00e7\u00f5es oce\u00e2nias e tempos de navega\u00e7\u00e3o. <a href=\"http:\/\/www.nationalports.com\/pt_br\/oleo-e-gas\/upstream-applications\" hreflang=\"pt\">Leia mais...<\/a><\/li>\n<li>3. Um novo sistema para as condi\u00e7\u00f5es de Transbordo Seguro em Mar Aberto:\n<ul>\n<li>Sistema \u00fanico para seguran\u00e7a em transfer\u00eancia de pessoal, carga e equipamento em mares dif\u00edceis.<\/li>\n<li>Sistema protegido facilita inspe\u00e7\u00e3o, consertos e manuten\u00e7\u00e3o remotos (no mar)<\/li>\n<li>Aplica\u00e7\u00e3o significante para instala\u00e7\u00e3o submarina. <a href=\"http:\/\/www.nationalports.com\/pt_br\/oleo-e-gas\/safe-transhipment\" hreflang=\"pt\">Leia mais...<\/a><\/li>\n<\/ul>\n<\/li>\n<\/ol>\n<p>Para <strong>FLNG<\/strong>, os portos flutuantes FiSH\u00ae reduz materialmente o riscos com Sa\u00fade Seguran\u00e7a e Meio Ambiente (HSE) (e CAPEX) ao separar fun\u00e7\u00f5es de pessoal e de apoio das instala\u00e7\u00f5es de produ\u00e7\u00e3o de FLNG..<\/p>\n<\/div>\n<\/div><\/div><\/div><div id=\"pgc-14-1-1\"  class=\"panel-grid-cell\" ><div id=\"panel-14-1-1-0\" class=\"so-panel widget widget_sow-editor panel-first-child panel-last-child\" data-index=\"2\" ><div class=\"gray-box panel-widget-style panel-widget-style-for-14-1-1-0\" ><div\n\t\t\t\n\t\t\tclass=\"so-widget-sow-editor so-widget-sow-editor-base\"\n\t\t\t\n\t\t><h3 class=\"widget-title\">Uma Mudan\u00e7a no Jogo Reconhecida pela Ind\u00fastria<\/h3>\n<div class=\"siteorigin-widget-tinymce textwidget\">\n\t<p>A natureza de mudar o jogo da solu\u00e7\u00e3o de portos flutuantes FiSH\u00ae foi reconhecida universalmente por empresas petrol\u00edferas l\u00edderes internacionais (International Oil Companies - IOCs), nacionais (National Oil Companies - NOCs), e fornecedores de servi\u00e7os globais. Ao instalar portos flutuantes FiSH\u00ae nas proximidades de opera\u00e7\u00f5es remotas, a National Ports materialmente reduz o custo, tempo e riscos associados com desenvolvimentos remotos em localidades novas e estabelecidas tanto offshore como onshore.<\/p>\n<p>A solu\u00e7\u00e3o de portos flutuantes FiSH\u00ae da National Ports recebeu categoria de Principal Projeto de Facilita\u00e7\u00e3o do Governo Australiano no dia 5 de dezembro de 2012. <a href=\"http:\/\/www.minister.infrastructure.gov.au\/aa\/releases\/2013\/february\/aa030_2013.aspx\" target=\"_blank\">Link ao site do governo<\/a><\/p>\n<\/div>\n<\/div><\/div><\/div><\/div><\/div><\/div>","protected":false},"excerpt":{"rendered":"<p>Com restri\u00e7\u00f5es log\u00edsticas causando impacto a economia de projetos com implica\u00e7\u00f5es de bilh\u00f5es de d\u00f3lares, resolver o \u2018Problema da Dist\u00e2ncia\u2019 agora \u00e9 prioridade em toda a ind\u00fastria. Retirando log\u00edstica do caminho cr\u00edtico para a entrega de g\u00e1s, os portos flutuantes FiSH\u00aereduzem despesas de capital, reduz riscos, e permite que fluxos de receita sejam incorporados mais &hellip;<\/p>\n","protected":false},"author":1,"featured_media":31,"parent":12,"menu_order":0,"comment_status":"closed","ping_status":"closed","template":"","meta":{"footnotes":""},"_links":{"self":[{"href":"https:\/\/nationalports.com\/br\/wp-json\/wp\/v2\/pages\/14"}],"collection":[{"href":"https:\/\/nationalports.com\/br\/wp-json\/wp\/v2\/pages"}],"about":[{"href":"https:\/\/nationalports.com\/br\/wp-json\/wp\/v2\/types\/page"}],"author":[{"embeddable":true,"href":"https:\/\/nationalports.com\/br\/wp-json\/wp\/v2\/users\/1"}],"replies":[{"embeddable":true,"href":"https:\/\/nationalports.com\/br\/wp-json\/wp\/v2\/comments?post=14"}],"version-history":[{"count":1,"href":"https:\/\/nationalports.com\/br\/wp-json\/wp\/v2\/pages\/14\/revisions"}],"predecessor-version":[{"id":42,"href":"https:\/\/nationalports.com\/br\/wp-json\/wp\/v2\/pages\/14\/revisions\/42"}],"up":[{"embeddable":true,"href":"https:\/\/nationalports.com\/br\/wp-json\/wp\/v2\/pages\/12"}],"wp:featuredmedia":[{"embeddable":true,"href":"https:\/\/nationalports.com\/br\/wp-json\/wp\/v2\/media\/31"}],"wp:attachment":[{"href":"https:\/\/nationalports.com\/br\/wp-json\/wp\/v2\/media?parent=14"}],"curies":[{"name":"wp","href":"https:\/\/api.w.org\/{rel}","templated":true}]}}