{"id":2,"date":"2017-03-01T03:43:46","date_gmt":"2017-03-01T03:43:46","guid":{"rendered":"http:\/\/np.webdew.com.au\/br\/?page_id=2"},"modified":"2017-03-09T03:05:14","modified_gmt":"2017-03-09T03:05:14","slug":"sample-page","status":"publish","type":"page","link":"https:\/\/nationalports.com\/br\/","title":{"rendered":"Portos Flutuantes  Infraestrutura para mercados em r\u00e1pido crescimento"},"content":{"rendered":"<p>Em mercados emergentes de alto crescimento, a infraestrutura portu\u00e1ria inadequada est\u00e1 restringindo as oportunidades de trabalho local, viabilidade de projetos essenciais e produtividade nacional.<\/p>\n<p>Os portos flutuantes s\u00e3o considerados altamente eficientes em capital e particularmente um modo econ\u00f4mico para expandir a capacidade portu\u00e1ria. Portos flutuantes tamb\u00e9m fornecem uma maneira ambientalmente correta de expandir a capacidade portu\u00e1ria sem a necessidade de dragagem e prejudicar \u00e1reas ambientalmente sens\u00edveis.<\/p>\n<p>A National Ports Corporation Limited \u00e9 uma desenvolvedora e operadora de solu\u00e7\u00f5es em portos flutuantes de grande escala com sede na Austr\u00e1lia estabelecida para atender as necessidades em infraestrutura portu\u00e1ria em mercados emergentes de alto crescimento.<\/p>\n<p>A National Ports est\u00e1 compromissada na entrega de desempenho em Sa\u00fade Meio Ambiente e Seguran\u00e7a (HES) de padr\u00e3o internacional em todas as suas atividades e na cria\u00e7\u00e3o de uma cultura e ambiente Sem Acidentes ou Afastamentos (Incident and Injury Free &#8211; IIF) para o benef\u00edcio de todos.<\/p>\n<p><strong>Nossa Vis\u00e3o<\/strong><br \/>\nNossa vis\u00e3o \u00e9 melhorar os padr\u00f5es de vida em mercados emergentes facilitando o crescimento econ\u00f4mico atrav\u00e9s do fornecimento de infraestrutura portu\u00e1ria flutuante. A National Ports se empenha em melhorar os resultados ambientais ao reduzir o impacto de dragagem e desenvolvimento portu\u00e1rio convencional em \u00e1reas sens\u00edveis.<\/p>\n","protected":false},"excerpt":{"rendered":"<p>Em mercados emergentes de alto crescimento, a infraestrutura portu\u00e1ria inadequada est\u00e1 restringindo as oportunidades de trabalho local, viabilidade de projetos essenciais e produtividade nacional. Os portos flutuantes s\u00e3o considerados altamente eficientes em capital e particularmente um modo econ\u00f4mico para expandir a capacidade portu\u00e1ria. Portos flutuantes tamb\u00e9m fornecem uma maneira ambientalmente correta de expandir a capacidade &hellip;<\/p>\n","protected":false},"author":1,"featured_media":0,"parent":0,"menu_order":0,"comment_status":"closed","ping_status":"open","template":"","meta":{"footnotes":""},"_links":{"self":[{"href":"https:\/\/nationalports.com\/br\/wp-json\/wp\/v2\/pages\/2"}],"collection":[{"href":"https:\/\/nationalports.com\/br\/wp-json\/wp\/v2\/pages"}],"about":[{"href":"https:\/\/nationalports.com\/br\/wp-json\/wp\/v2\/types\/page"}],"author":[{"embeddable":true,"href":"https:\/\/nationalports.com\/br\/wp-json\/wp\/v2\/users\/1"}],"replies":[{"embeddable":true,"href":"https:\/\/nationalports.com\/br\/wp-json\/wp\/v2\/comments?post=2"}],"version-history":[{"count":2,"href":"https:\/\/nationalports.com\/br\/wp-json\/wp\/v2\/pages\/2\/revisions"}],"predecessor-version":[{"id":67,"href":"https:\/\/nationalports.com\/br\/wp-json\/wp\/v2\/pages\/2\/revisions\/67"}],"wp:attachment":[{"href":"https:\/\/nationalports.com\/br\/wp-json\/wp\/v2\/media?parent=2"}],"curies":[{"name":"wp","href":"https:\/\/api.w.org\/{rel}","templated":true}]}}