{"id":55,"date":"2017-03-09T02:52:03","date_gmt":"2017-03-09T02:52:03","guid":{"rendered":"http:\/\/np.webdew.com.au\/br\/?page_id=55"},"modified":"2017-03-09T02:52:03","modified_gmt":"2017-03-09T02:52:03","slug":"saude-meio-ambiente-e-seguranca-hse-e-conteudo-local","status":"publish","type":"page","link":"https:\/\/nationalports.com\/br\/oleo-e-gas\/saude-meio-ambiente-e-seguranca-hse-e-conteudo-local\/","title":{"rendered":"Sa\u00fade Meio Ambiente e Seguran\u00e7a (HSE) e Conte\u00fado Local"},"content":{"rendered":"<h2>Compromisso na Entrega de Sa\u00fade Meio Ambiente e Seguran\u00e7a (HSE) de Padr\u00e3o Internacional<\/h2>\n<p>A National Ports se empenha no padr\u00e3o mais alto de sa\u00fade e seguran\u00e7a ocupacional e tem o compromisso de fornecer um local de trabalho livre de acidentes. Os funcion\u00e1rios possuem responsabilidades espec\u00edficas em observar e manter um ambiente de trabalho seguro, conforme est\u00e1 detalhado na Vis\u00e3o e Pol\u00edtica de Sa\u00fade e Seguran\u00e7a. Opini\u00e3o, discuss\u00e3o, an\u00e1lise de riscos, auditoria e ensaios s\u00e3o usados continuamente para melhorar os procedimentos e pr\u00e1ticas.<\/p>\n<ul class=\"checklist\">\n<li>Compromisso em fornecer desempenho em Sa\u00fade Meio Ambiente e Seguran\u00e7a (HES) de padr\u00e3o internacional em todas as suas atividades.<\/li>\n<li>Trabalho desenvolvido de acordo com Pol\u00edticas de Sa\u00fade, Meio Ambiente e Seguran\u00e7a<\/li>\n<li>Compromisso com Sem Acidentes com Pessoal e Sem Danos Ecol\u00f3gicos<\/li>\n<li>Compromisso em criar uma cultura e ambienta Livre de Acidentes ou Afastamentos (Incident and Injury Free &#8211; IIF) para o benef\u00edcio de todos<\/li>\n<\/ul>\n","protected":false},"excerpt":{"rendered":"<p>Compromisso na Entrega de Sa\u00fade Meio Ambiente e Seguran\u00e7a (HSE) de Padr\u00e3o Internacional A National Ports se empenha no padr\u00e3o mais alto de sa\u00fade e seguran\u00e7a ocupacional e tem o compromisso de fornecer um local de trabalho livre de acidentes. Os funcion\u00e1rios possuem responsabilidades espec\u00edficas em observar e manter um ambiente de trabalho seguro, conforme &hellip;<\/p>\n","protected":false},"author":1,"featured_media":0,"parent":12,"menu_order":4,"comment_status":"closed","ping_status":"closed","template":"","meta":{"footnotes":""},"_links":{"self":[{"href":"https:\/\/nationalports.com\/br\/wp-json\/wp\/v2\/pages\/55"}],"collection":[{"href":"https:\/\/nationalports.com\/br\/wp-json\/wp\/v2\/pages"}],"about":[{"href":"https:\/\/nationalports.com\/br\/wp-json\/wp\/v2\/types\/page"}],"author":[{"embeddable":true,"href":"https:\/\/nationalports.com\/br\/wp-json\/wp\/v2\/users\/1"}],"replies":[{"embeddable":true,"href":"https:\/\/nationalports.com\/br\/wp-json\/wp\/v2\/comments?post=55"}],"version-history":[{"count":1,"href":"https:\/\/nationalports.com\/br\/wp-json\/wp\/v2\/pages\/55\/revisions"}],"predecessor-version":[{"id":56,"href":"https:\/\/nationalports.com\/br\/wp-json\/wp\/v2\/pages\/55\/revisions\/56"}],"up":[{"embeddable":true,"href":"https:\/\/nationalports.com\/br\/wp-json\/wp\/v2\/pages\/12"}],"wp:attachment":[{"href":"https:\/\/nationalports.com\/br\/wp-json\/wp\/v2\/media?parent=55"}],"curies":[{"name":"wp","href":"https:\/\/api.w.org\/{rel}","templated":true}]}}