{"id":57,"date":"2017-03-09T02:52:59","date_gmt":"2017-03-09T02:52:59","guid":{"rendered":"http:\/\/np.webdew.com.au\/br\/?page_id=57"},"modified":"2017-03-09T02:52:59","modified_gmt":"2017-03-09T02:52:59","slug":"caracteristicas-principais","status":"publish","type":"page","link":"https:\/\/nationalports.com\/br\/oleo-e-gas\/caracteristicas-principais\/","title":{"rendered":"Caracter\u00edsticas Principais"},"content":{"rendered":"<h3>As caracter\u00edsticas principais est\u00e3o dispon\u00edveis por solicita\u00e7\u00e3o somente. Favor entrar em contato conosco para receber especifica\u00e7\u00f5es mais detalhadas.<\/h3>\n","protected":false},"excerpt":{"rendered":"<p>As caracter\u00edsticas principais est\u00e3o dispon\u00edveis por solicita\u00e7\u00e3o somente. Favor entrar em contato conosco para receber especifica\u00e7\u00f5es mais detalhadas.<\/p>\n","protected":false},"author":1,"featured_media":0,"parent":12,"menu_order":5,"comment_status":"closed","ping_status":"closed","template":"","meta":{"footnotes":""},"_links":{"self":[{"href":"https:\/\/nationalports.com\/br\/wp-json\/wp\/v2\/pages\/57"}],"collection":[{"href":"https:\/\/nationalports.com\/br\/wp-json\/wp\/v2\/pages"}],"about":[{"href":"https:\/\/nationalports.com\/br\/wp-json\/wp\/v2\/types\/page"}],"author":[{"embeddable":true,"href":"https:\/\/nationalports.com\/br\/wp-json\/wp\/v2\/users\/1"}],"replies":[{"embeddable":true,"href":"https:\/\/nationalports.com\/br\/wp-json\/wp\/v2\/comments?post=57"}],"version-history":[{"count":1,"href":"https:\/\/nationalports.com\/br\/wp-json\/wp\/v2\/pages\/57\/revisions"}],"predecessor-version":[{"id":58,"href":"https:\/\/nationalports.com\/br\/wp-json\/wp\/v2\/pages\/57\/revisions\/58"}],"up":[{"embeddable":true,"href":"https:\/\/nationalports.com\/br\/wp-json\/wp\/v2\/pages\/12"}],"wp:attachment":[{"href":"https:\/\/nationalports.com\/br\/wp-json\/wp\/v2\/media?parent=57"}],"curies":[{"name":"wp","href":"https:\/\/api.w.org\/{rel}","templated":true}]}}