{"id":59,"date":"2017-03-09T02:57:20","date_gmt":"2017-03-09T02:57:20","guid":{"rendered":"http:\/\/np.webdew.com.au\/br\/?page_id=59"},"modified":"2017-05-10T08:28:35","modified_gmt":"2017-05-10T08:28:35","slug":"mobidock-commodities-a-granel","status":"publish","type":"page","link":"https:\/\/nationalports.com\/br\/mobidock-commodities-a-granel\/","title":{"rendered":"Mobidock\u2122 \u2013 Commodities a Granel"},"content":{"rendered":"<div id=\"pl-59\"  class=\"panel-layout\" ><div id=\"pg-59-0\"  class=\"panel-grid panel-no-style\" ><div id=\"pgc-59-0-0\"  class=\"panel-grid-cell\" ><div id=\"panel-59-0-0-0\" class=\"so-panel widget widget_sow-image panel-first-child\" data-index=\"0\" ><div\n\t\t\t\n\t\t\tclass=\"so-widget-sow-image so-widget-sow-image-default-8b5b6f678277-59\"\n\t\t\t\n\t\t>\n<div class=\"sow-image-container\">\n\t\t<img \n\tsrc=\"https:\/\/nationalports.com\/br\/wp-content\/uploads\/sites\/3\/2017\/03\/mobdock_pair.jpg\" width=\"669\" height=\"473\" srcset=\"https:\/\/nationalports.com\/br\/wp-content\/uploads\/sites\/3\/2017\/03\/mobdock_pair.jpg 669w, https:\/\/nationalports.com\/br\/wp-content\/uploads\/sites\/3\/2017\/03\/mobdock_pair-300x212.jpg 300w\" sizes=\"(max-width: 669px) 100vw, 669px\" alt=\"\" \t\tclass=\"so-widget-image\"\/>\n\t<\/div>\n\n<\/div><\/div><div id=\"panel-59-0-0-1\" class=\"so-panel widget widget_sow-image\" data-index=\"1\" ><div\n\t\t\t\n\t\t\tclass=\"so-widget-sow-image so-widget-sow-image-default-8b5b6f678277-59\"\n\t\t\t\n\t\t>\n<div class=\"sow-image-container\">\n\t\t<img \n\tsrc=\"https:\/\/nationalports.com\/br\/wp-content\/uploads\/sites\/3\/2017\/03\/Mobidock_self_loading.jpg\" width=\"1920\" height=\"1358\" srcset=\"https:\/\/nationalports.com\/br\/wp-content\/uploads\/sites\/3\/2017\/03\/Mobidock_self_loading.jpg 1920w, https:\/\/nationalports.com\/br\/wp-content\/uploads\/sites\/3\/2017\/03\/Mobidock_self_loading-300x212.jpg 300w, https:\/\/nationalports.com\/br\/wp-content\/uploads\/sites\/3\/2017\/03\/Mobidock_self_loading-768x543.jpg 768w, https:\/\/nationalports.com\/br\/wp-content\/uploads\/sites\/3\/2017\/03\/Mobidock_self_loading-1024x724.jpg 1024w\" sizes=\"(max-width: 1920px) 100vw, 1920px\" alt=\"\" \t\tclass=\"so-widget-image\"\/>\n\t<\/div>\n\n<\/div><\/div><div id=\"panel-59-0-0-2\" class=\"so-panel widget widget_sow-image panel-last-child\" data-index=\"2\" ><div\n\t\t\t\n\t\t\tclass=\"so-widget-sow-image so-widget-sow-image-default-8b5b6f678277-59\"\n\t\t\t\n\t\t>\n<div class=\"sow-image-container\">\n\t\t<img \n\tsrc=\"https:\/\/nationalports.com\/br\/wp-content\/uploads\/sites\/3\/2017\/03\/mobdock_multi.jpg\" width=\"669\" height=\"417\" srcset=\"https:\/\/nationalports.com\/br\/wp-content\/uploads\/sites\/3\/2017\/03\/mobdock_multi.jpg 669w, https:\/\/nationalports.com\/br\/wp-content\/uploads\/sites\/3\/2017\/03\/mobdock_multi-300x187.jpg 300w\" sizes=\"(max-width: 669px) 100vw, 669px\" alt=\"\" \t\tclass=\"so-widget-image\"\/>\n\t<\/div>\n\n<\/div><\/div><\/div><div id=\"pgc-59-0-1\"  class=\"panel-grid-cell\" ><div id=\"panel-59-0-1-0\" class=\"so-panel widget widget_sow-editor panel-first-child\" data-index=\"3\" ><div\n\t\t\t\n\t\t\tclass=\"so-widget-sow-editor so-widget-sow-editor-base\"\n\t\t\t\n\t\t><h3 class=\"widget-title\">Embarca\u00e7\u00f5es de carga cape-size em \u00e1reas in\u00f3spitas<\/h3>\n<div class=\"siteorigin-widget-tinymce textwidget\">\n\t<p>Mobidock<sup>\u2122<\/sup> \u00e9 um terminal para mercadorias a granel de grande escala (20-100mtpa) desenvolvido pela National Ports para atender a demanda por portos em \u00e1guas profundas capazes de carregar embarca\u00e7\u00f5es cape-size em \u00e1reas in\u00f3spitas.\u00a0<\/p>\n<p>Os terminais para mercadorias a granel m\u00f3veis s\u00e3o diferenciados em escala e opera\u00e7\u00f5es:<\/p>\n<ul class=\"checklist\">\n<li>Fornece uma alternativa segura, econ\u00f4mica e pr\u00e1tica a desenvolvimentos portu\u00e1rios tradicionais<\/li>\n<li>N\u00e3o requer dragagem e reduz muitos desafios ambientais e log\u00edsticos<\/li>\n<li>Operacional muito mais r\u00e1pido do que portos tradicionais<\/li>\n<\/ul>\n<\/div>\n<\/div><\/div><div id=\"panel-59-0-1-1\" class=\"so-panel widget widget_sow-editor\" data-index=\"4\" ><div\n\t\t\t\n\t\t\tclass=\"so-widget-sow-editor so-widget-sow-editor-base\"\n\t\t\t\n\t\t><h3 class=\"widget-title\">Mobidock\u2122 - Terminais para Mercadorias a Granel<\/h3>\n<div class=\"siteorigin-widget-tinymce textwidget\">\n\t<p>Com escala entre 20-100mtpa, os terminais para mercadorias a granel para embarca\u00e7\u00f5es cape-class fornecem escala e acesso sem precedentes:<\/p>\n<ul class=\"checklist\">\n<li>Carregamento simult\u00e2neo 2 x 250.000t<\/li>\n<li>Embarca\u00e7\u00f5es Cape-class<\/li>\n<li>Escala de carregamento em navios 5.000tph<\/li>\n<li>Escala de pilhas de 250.000t<\/li>\n<li>Instala\u00e7\u00f5es com classifica\u00e7\u00e3o de ciclone<\/li>\n<li>Sistemas de supress\u00e3o de poeira<\/li>\n<li>Teste e certifica\u00e7\u00e3o SGS<\/li>\n<\/ul>\n<\/div>\n<\/div><\/div><div id=\"panel-59-0-1-2\" class=\"so-panel widget widget_sow-editor panel-last-child\" data-index=\"5\" ><div\n\t\t\t\n\t\t\tclass=\"so-widget-sow-editor so-widget-sow-editor-base\"\n\t\t\t\n\t\t><h3 class=\"widget-title\">Modelo de Contrata\u00e7\u00e3o BOO<\/h3>\n<div class=\"siteorigin-widget-tinymce textwidget\">\n\t<ul class=\"checklist\">\n<li>Solu\u00e7\u00e3o BOO com CAPEX zero<\/li>\n<li>OPEX com base na produtividade de tonelagem ao longo do tempo<\/li>\n<\/ul>\n<\/div>\n<\/div><\/div><\/div><\/div><\/div>","protected":false},"excerpt":{"rendered":"<p>Mobidock\u2122 \u00e9 um terminal para mercadorias a granel de grande escala (20-100mtpa) desenvolvido pela National Ports para atender a demanda por portos em \u00e1guas profundas capazes de carregar embarca\u00e7\u00f5es cape-size em \u00e1reas in\u00f3spitas.\u00a0Os terminais para mercadorias a granel m\u00f3veis s\u00e3o diferenciados em escala e opera\u00e7\u00f5es:Fornece uma alternativa segura, econ\u00f4mica e pr\u00e1tica a desenvolvimentos portu\u00e1rios tradicionaisN\u00e3o &hellip;<\/p>\n","protected":false},"author":1,"featured_media":129,"parent":0,"menu_order":2,"comment_status":"closed","ping_status":"closed","template":"","meta":{"footnotes":""},"_links":{"self":[{"href":"https:\/\/nationalports.com\/br\/wp-json\/wp\/v2\/pages\/59"}],"collection":[{"href":"https:\/\/nationalports.com\/br\/wp-json\/wp\/v2\/pages"}],"about":[{"href":"https:\/\/nationalports.com\/br\/wp-json\/wp\/v2\/types\/page"}],"author":[{"embeddable":true,"href":"https:\/\/nationalports.com\/br\/wp-json\/wp\/v2\/users\/1"}],"replies":[{"embeddable":true,"href":"https:\/\/nationalports.com\/br\/wp-json\/wp\/v2\/comments?post=59"}],"version-history":[{"count":3,"href":"https:\/\/nationalports.com\/br\/wp-json\/wp\/v2\/pages\/59\/revisions"}],"predecessor-version":[{"id":131,"href":"https:\/\/nationalports.com\/br\/wp-json\/wp\/v2\/pages\/59\/revisions\/131"}],"wp:featuredmedia":[{"embeddable":true,"href":"https:\/\/nationalports.com\/br\/wp-json\/wp\/v2\/media\/129"}],"wp:attachment":[{"href":"https:\/\/nationalports.com\/br\/wp-json\/wp\/v2\/media?parent=59"}],"curies":[{"name":"wp","href":"https:\/\/api.w.org\/{rel}","templated":true}]}}