{"id":61,"date":"2017-03-09T02:59:16","date_gmt":"2017-03-09T02:59:16","guid":{"rendered":"http:\/\/np.webdew.com.au\/br\/?page_id=61"},"modified":"2017-11-07T03:49:55","modified_gmt":"2017-11-07T03:49:55","slug":"transmax","status":"publish","type":"page","link":"https:\/\/nationalports.com\/br\/transmax\/","title":{"rendered":"Transmax\u2122"},"content":{"rendered":"<div id=\"pl-61\"  class=\"panel-layout\" ><div id=\"pg-61-0\"  class=\"panel-grid panel-no-style\" ><div id=\"pgc-61-0-0\"  class=\"panel-grid-cell\" ><div id=\"panel-61-0-0-0\" class=\"so-panel widget widget_sow-image panel-first-child\" data-index=\"0\" ><div\n\t\t\t\n\t\t\tclass=\"so-widget-sow-image so-widget-sow-image-default-8b5b6f678277-61\"\n\t\t\t\n\t\t>\n<div class=\"sow-image-container\">\n\t\t<img \n\tsrc=\"https:\/\/nationalports.com\/br\/wp-content\/uploads\/sites\/3\/2017\/03\/SSD-BC1.jpg\" width=\"284\" height=\"201\" sizes=\"(max-width: 284px) 100vw, 284px\" alt=\"\" \t\tclass=\"so-widget-image\"\/>\n\t<\/div>\n\n<\/div><\/div><div id=\"panel-61-0-0-1\" class=\"so-panel widget widget_sow-image\" data-index=\"1\" ><div\n\t\t\t\n\t\t\tclass=\"so-widget-sow-image so-widget-sow-image-default-8b5b6f678277-61\"\n\t\t\t\n\t\t>\n<div class=\"sow-image-container\">\n\t\t<img \n\tsrc=\"https:\/\/nationalports.com\/br\/wp-content\/uploads\/sites\/3\/2017\/03\/SSD-BC2.jpg\" width=\"284\" height=\"201\" sizes=\"(max-width: 284px) 100vw, 284px\" alt=\"\" \t\tclass=\"so-widget-image\"\/>\n\t<\/div>\n\n<\/div><\/div><div id=\"panel-61-0-0-2\" class=\"so-panel widget widget_sow-image\" data-index=\"2\" ><div\n\t\t\t\n\t\t\tclass=\"so-widget-sow-image so-widget-sow-image-default-8b5b6f678277-61\"\n\t\t\t\n\t\t>\n<div class=\"sow-image-container\">\n\t\t<img \n\tsrc=\"https:\/\/nationalports.com\/br\/wp-content\/uploads\/sites\/3\/2017\/03\/SSD-BC3.jpg\" width=\"284\" height=\"201\" sizes=\"(max-width: 284px) 100vw, 284px\" alt=\"\" \t\tclass=\"so-widget-image\"\/>\n\t<\/div>\n\n<\/div><\/div><div id=\"panel-61-0-0-3\" class=\"so-panel widget widget_sow-image panel-last-child\" data-index=\"3\" ><div\n\t\t\t\n\t\t\tclass=\"so-widget-sow-image so-widget-sow-image-default-8b5b6f678277-61\"\n\t\t\t\n\t\t>\n<div class=\"sow-image-container\">\n\t\t<img \n\tsrc=\"https:\/\/nationalports.com\/br\/wp-content\/uploads\/sites\/3\/2017\/03\/SSD-BC4.jpg\" width=\"284\" height=\"201\" sizes=\"(max-width: 284px) 100vw, 284px\" alt=\"\" \t\tclass=\"so-widget-image\"\/>\n\t<\/div>\n\n<\/div><\/div><\/div><div id=\"pgc-61-0-1\"  class=\"panel-grid-cell\" ><div id=\"panel-61-0-1-0\" class=\"so-panel widget widget_sow-editor panel-first-child panel-last-child\" data-index=\"4\" ><div\n\t\t\t\n\t\t\tclass=\"so-widget-sow-editor so-widget-sow-editor-base\"\n\t\t\t\n\t\t><h3 class=\"widget-title\">Transmax\u2122<\/h3>\n<div class=\"siteorigin-widget-tinymce textwidget\">\n\t<p>O Super Shallow Draft-Bulk Carrier (SSD-BC) \u00e9 uma embarca\u00e7\u00e3o de transbordo para auto-carregamento e descarregamento de grande porte para portos rasos.<\/p>\n<p>A maioria dos portos de importa\u00e7\u00e3o e exporta\u00e7\u00e3o globais para materiais a granel est\u00e3o geograficamente remotos e n\u00e3o s\u00e3o dragados o suficiente para lidar com navios graneleiros modernos. Esses navios graneleiros com porte bruto de 180.000 toneladas normalmente precisam de portos com cerca de 19 metros incluindo limites abaixo da quilha. A maioria dos portos possuem calado de apenas 14 metros ou at\u00e9 menos. A dragagem \u00e9 onerosa e os custos aumentam exponencialmente ao dragar materiais r\u00edgidos, al\u00e9m de que as regulamenta\u00e7\u00f5es\/requerimentos ambientais serem extensos e complicados.<\/p>\n<p>O Super Shallow Draft-Bulk Carrier (SSD-BC) de propuls\u00e3o pr\u00f3pria abre portos rasos no mundo inteiro para tonelagem muito maior sem dragagem, gasto de capital, ou mudan\u00e7a de processo ou equipamento lidando com os materiais.<\/p>\n<p>O SSD-BC \u00e9 uma solu\u00e7\u00e3o eficaz de transbordo para grandes volumes; 185.000 toneladas de porte bruto em calado de 14 metros (cada SSD-BC ser\u00e1 projetado para corresponder a cada limita\u00e7\u00e3o portu\u00e1ria).<\/p>\n<p>O SSD-BC \u00e9 capaz de fazer o descarregamento pr\u00f3prio a uma velocidade de at\u00e9 10.000 toneladas por hora para um navio graneleiro de qualquer tamanho (incluindo o Valemax com 400.000 toneladas de porte bruto de capacidade) ou diretamente no porto de destino de modo seguro e ambientalmente correto.<\/p>\n<p>O SSD-BC pode fazer o carregamento pr\u00f3prio de qualquer embarca\u00e7\u00e3o mar\u00edtima a uma velocidade de 10.000 toneladas por hora ou carregamento pr\u00f3prio diretamente do lado da terra usando transportadores costeiros, portanto limitando o gasto de capital em nova infraestrutura portu\u00e1ria.<\/p>\n<p>Operadores de minas e portu\u00e1rios podem alugar o sistema a base de tonelada.<\/p>\n<p><strong>Os benef\u00edcios do SSD-BC s\u00e3o:<\/strong><\/p>\n<ul class=\"checklist\">\n<li>\u00c9 r\u00e1pido, eficiente e econ\u00f4mico<\/li>\n<li>Gasto de capital zero ou m\u00ednimo no porto de carregamento ou descarregamento<\/li>\n<li>N\u00e3o \u00e9 necess\u00e1ria dragagem para aumento de produtividade<\/li>\n<li>Redu\u00e7\u00e3o de custos<\/li>\n<li>Aumento de competitividade<\/li>\n<li>Grande aumento na produtividade operacional anual<\/li>\n<li>Abertura de portos rasos mundialmente<\/li>\n<li>Aumento na capacidade de exporta\u00e7\u00e3o<\/li>\n<li>Abertura de novos mercados<\/li>\n<li>Embarque e desembarque n\u00e3o s\u00e3o limitados por mar\u00e9s<\/li>\n<li>Aumento em condi\u00e7\u00f5es operacionais de at\u00e9 2.5 metros<\/li>\n<\/ul>\n<\/div>\n<\/div><\/div><\/div><\/div><\/div>","protected":false},"excerpt":{"rendered":"<p>O Super Shallow Draft-Bulk Carrier (SSD-BC) \u00e9 uma embarca\u00e7\u00e3o de transbordo para auto-carregamento e descarregamento de grande porte para portos rasos. A maioria dos portos de importa\u00e7\u00e3o e exporta\u00e7\u00e3o globais para materiais a granel est\u00e3o geograficamente remotos e n\u00e3o s\u00e3o dragados o suficiente para lidar com navios graneleiros modernos. Esses navios graneleiros com porte bruto &hellip;<\/p>\n","protected":false},"author":1,"featured_media":30,"parent":0,"menu_order":3,"comment_status":"closed","ping_status":"closed","template":"","meta":{"footnotes":""},"_links":{"self":[{"href":"https:\/\/nationalports.com\/br\/wp-json\/wp\/v2\/pages\/61"}],"collection":[{"href":"https:\/\/nationalports.com\/br\/wp-json\/wp\/v2\/pages"}],"about":[{"href":"https:\/\/nationalports.com\/br\/wp-json\/wp\/v2\/types\/page"}],"author":[{"embeddable":true,"href":"https:\/\/nationalports.com\/br\/wp-json\/wp\/v2\/users\/1"}],"replies":[{"embeddable":true,"href":"https:\/\/nationalports.com\/br\/wp-json\/wp\/v2\/comments?post=61"}],"version-history":[{"count":6,"href":"https:\/\/nationalports.com\/br\/wp-json\/wp\/v2\/pages\/61\/revisions"}],"predecessor-version":[{"id":138,"href":"https:\/\/nationalports.com\/br\/wp-json\/wp\/v2\/pages\/61\/revisions\/138"}],"wp:featuredmedia":[{"embeddable":true,"href":"https:\/\/nationalports.com\/br\/wp-json\/wp\/v2\/media\/30"}],"wp:attachment":[{"href":"https:\/\/nationalports.com\/br\/wp-json\/wp\/v2\/media?parent=61"}],"curies":[{"name":"wp","href":"https:\/\/api.w.org\/{rel}","templated":true}]}}