{"id":70,"date":"2017-03-09T03:07:34","date_gmt":"2017-03-09T03:07:34","guid":{"rendered":"http:\/\/np.webdew.com.au\/br\/?page_id=70"},"modified":"2017-03-09T03:07:34","modified_gmt":"2017-03-09T03:07:34","slug":"a-respeito-da-national-ports","status":"publish","type":"page","link":"https:\/\/nationalports.com\/br\/companhia\/a-respeito-da-national-ports\/","title":{"rendered":"A respeito da National Ports"},"content":{"rendered":"<p><img loading=\"lazy\" decoding=\"async\" class=\"size-full wp-image-28 alignleft\" src=\"https:\/\/nationalports.com\/br\/wp-content\/uploads\/sites\/3\/2017\/03\/aog2.jpg\" alt=\"\" width=\"300\" height=\"200\" srcset=\"https:\/\/nationalports.com\/br\/wp-content\/uploads\/sites\/3\/2017\/03\/aog2.jpg 300w, https:\/\/nationalports.com\/br\/wp-content\/uploads\/sites\/3\/2017\/03\/aog2-272x182.jpg 272w\" sizes=\"(max-width: 300px) 100vw, 300px\" \/>A National Ports Corporation Limited (N\u00famero de Incorpora\u00e7\u00e3o Australiano ACN 146 016 024) foi incorporada no dia 26 de agosto de 2010 e \u00e9 propriet\u00e1ria de 100% da National Ports Pty Ltd (N\u00famero de Incorpora\u00e7\u00e3o Australiano ACN 138 831 384) a qual foi incorporada no dia 20 de agosto de 2009. A Empresa est\u00e1 em conformidade com todas as leis aplic\u00e1veis incluindo Lei de Corpora\u00e7\u00f5es de 2001, Lei de Pr\u00e1ticas de Com\u00e9rcio de 1974, Legisla\u00e7\u00e3o Ambiental e Regulamenta\u00e7\u00f5es ASIC. A National Ports tamb\u00e9m \u00e9 propriet\u00e1ria de 87.7% da Westships Ltd (N\u00famero de Incorpora\u00e7\u00e3o Australiano ACN 138 408 796) a qual foi incorporada em julho de 2009.<\/p>\n<p>A National Ports oferece uma alternativa segura, pr\u00e1tica e econ\u00f4mica a portos e bases de fornecimento costeiros. A Empresa foi envolvida pelos setores energ\u00e9tico, de recursos e portu\u00e1rio para fornecer solu\u00e7\u00f5es de infraestrutura integrada para desenvolvimentos caracterizados por requerimentos de infraestrutura dif\u00edcil e remota.<\/p>\n<p>A Empresa passou mais de 4 anos desenvolvendo suas solu\u00e7\u00f5es, e trabalhou de modo bem sucedido pelo processo de avalia\u00e7\u00e3o do governo federal da Austr\u00e1lia para ser formalmente reconhecida como um porto australiano.<\/p>\n<p>No dia 5 de dezembro de 2012, a National Ports recebeu a categoria de Principal Projeto de Facilita\u00e7\u00e3o Federal pelo Ministro da Infraestrutura e Transporte, Honor\u00e1vel Anthony Albanese, em rela\u00e7\u00e3o ao reconhecimento e apoio do Governo Federal aos Field Support Hubs (FiSH\u00ae) na Austr\u00e1lia, e seu potencial para exporta\u00e7\u00e3o.<\/p>\n<p>A Empresa \u00e9 conduzida por uma Diretoria experiente, com experi\u00eancia relevante em portos, despacho, gerenciamento de projetos, engenharia e finan\u00e7as.<\/p>\n","protected":false},"excerpt":{"rendered":"<p>A National Ports Corporation Limited (N\u00famero de Incorpora\u00e7\u00e3o Australiano ACN 146 016 024) foi incorporada no dia 26 de agosto de 2010 e \u00e9 propriet\u00e1ria de 100% da National Ports Pty Ltd (N\u00famero de Incorpora\u00e7\u00e3o Australiano ACN 138 831 384) a qual foi incorporada no dia 20 de agosto de 2009. A Empresa est\u00e1 em &hellip;<\/p>\n","protected":false},"author":1,"featured_media":0,"parent":68,"menu_order":0,"comment_status":"closed","ping_status":"closed","template":"","meta":{"footnotes":""},"_links":{"self":[{"href":"https:\/\/nationalports.com\/br\/wp-json\/wp\/v2\/pages\/70"}],"collection":[{"href":"https:\/\/nationalports.com\/br\/wp-json\/wp\/v2\/pages"}],"about":[{"href":"https:\/\/nationalports.com\/br\/wp-json\/wp\/v2\/types\/page"}],"author":[{"embeddable":true,"href":"https:\/\/nationalports.com\/br\/wp-json\/wp\/v2\/users\/1"}],"replies":[{"embeddable":true,"href":"https:\/\/nationalports.com\/br\/wp-json\/wp\/v2\/comments?post=70"}],"version-history":[{"count":1,"href":"https:\/\/nationalports.com\/br\/wp-json\/wp\/v2\/pages\/70\/revisions"}],"predecessor-version":[{"id":71,"href":"https:\/\/nationalports.com\/br\/wp-json\/wp\/v2\/pages\/70\/revisions\/71"}],"up":[{"embeddable":true,"href":"https:\/\/nationalports.com\/br\/wp-json\/wp\/v2\/pages\/68"}],"wp:attachment":[{"href":"https:\/\/nationalports.com\/br\/wp-json\/wp\/v2\/media?parent=70"}],"curies":[{"name":"wp","href":"https:\/\/api.w.org\/{rel}","templated":true}]}}