{"id":73,"date":"2017-03-09T03:09:22","date_gmt":"2017-03-09T03:09:22","guid":{"rendered":"http:\/\/np.webdew.com.au\/br\/?page_id=73"},"modified":"2017-03-09T03:09:22","modified_gmt":"2017-03-09T03:09:22","slug":"nossa-equipe","status":"publish","type":"page","link":"https:\/\/nationalports.com\/br\/companhia\/nossa-equipe\/","title":{"rendered":"Nossa Equipe"},"content":{"rendered":"<h2>John Jenkin, <em>Presidente do Conselho (N\u00e3o-Executivo)<\/em><\/h2>\n<p>John Jenkin possui trinta anos de experi\u00eancia em com\u00e9rcio, gest\u00e3o portu\u00e1ria e despacho. Sua experi\u00eancia inclui dez anos como Comiss\u00e1rio de Com\u00e9rcio do Governo Australiano, incluindo postos na Europa e \u00c1sia e envolvimento no estabelecimento de carregamentos de carv\u00e3o e min\u00e9rio de ferro para a Europa, quinze anos como gerente portu\u00e1rio e ampla experi\u00eancia em com\u00e9rcio mar\u00edtimo.<\/p>\n<p>Entre 1977 e 1985 John foi Presidente do Departmento de Marinha e Portos da Austr\u00e1lia do Sul, incluindo responsabilidade por todos os portos na Austr\u00e1lia do Sul, cobrindo portos de cargas em geral, granel e LNG. Ele esteve envolvido no estabelecimento do Porto Bonython, uma instala\u00e7\u00e3o de LNG a granel. John foi Presidente do Departamento de Marinha e Portos da Austr\u00e1lia Ocidental entre 1985 e 1992, incluindo envolvimento operacional com a instala\u00e7\u00e3o de exporta\u00e7\u00e3o de min\u00e9rio de ferro Port Walcott e desenvolvimento do porto em Broome e Wyndham.<\/p>\n<p>John tamb\u00e9m foi o Presidente Fundador da Autoridade Portu\u00e1ria de Dampier e o Presidente Nacional da Associa\u00e7\u00e3o Australiana de Portos e Autoridades Mar\u00edtimas por volta de sete anos.<\/p>\n<h2>Paulo F. Bahia Guimar\u00e3es, <em>Chairman \u2013 Brazil<\/em><\/h2>\n<p>Paulo Bahia Guimar\u00e3es tem mais de 40 anos de experiencia em minera\u00e7\u00e3o, gerenciamento, desenvolvimento de novos neg\u00f3cios, negocia\u00e7\u00f5es, aquisi\u00e7\u00f5es, planejamento estrat\u00e9gico, e explora\u00e7\u00e3o mineral. Mais de 30 anos de experiencia no Brasil em rela\u00e7\u00f5es com o Governo, entidades de classe, entidades e institutos ligados a ind\u00fastria . Mais de 20 anos de experiencia em Mercado de minerais e log\u00edstica e negocia\u00e7\u00f5es contratuais.<\/p>\n<p>Ele foi Presidente da BHP Billiton Brasil de 1991 a 2003 e foi Diretor da Companhia de 1983 a 2003.. Paulo foi Chairman para o Brasil e America do Sul da GRD Minproc Ltd. de 2004 a 2010. Paulo foi membro de v\u00e1rios Conselhos de Administra\u00e7\u00e3o, incluindo o Conselho da Samarco Minera\u00e7\u00e3o S.A. (a segunda maior empresa do mundo em produ\u00e7\u00e3o de pelotas de min\u00e9rio de ferro).e no Conselho da TBG ( Gasoduto Bolivia-Brasil)<\/p>\n<p>Paulo \u00e9 formado em Geologia pela Universidade Federal da Bahia, Brasil e tem os t\u00edtulos de Master os Science e Ph.D. pela Universidade de Stanford,California, Estados Unidos.<\/p>\n<p>&nbsp;<\/p>\n<h2>Marco Lucido, <em>Diretor Executivo<\/em><\/h2>\n<p>Marco Lucido \u00e9 respons\u00e1vel pela identifica\u00e7\u00e3o, desenvolvimento e comercializa\u00e7\u00e3o dos neg\u00f3cios da National Ports, incluindo desenvolvimento do conceito e respectiva propriedade intelectual de Mobidock. Tendo introduzido e operado servi\u00e7os de despacho roll-on roll-off com base na Austr\u00e1lia, ele traz experi\u00eancia relevante em despacho e rela\u00e7\u00f5es bem estabelecidas com importantes contatos no setor mar\u00edtimo. O hist\u00f3rico do Marco em engenharia pesada, tendo estabelecido a Centrecon Pty Ltd (uma importante empresa de engenharia que foi vendida a Transfield), serve bem a National Ports no design cr\u00edtico e fases de constru\u00e7\u00f5es do programa de entrega.<\/p>\n<h2>Paul Piercy,\u00a0<em>Diretor<\/em><\/h2>\n<p>Paul Piercy traz ampla experi\u00eancia na ind\u00fastria de recursos e minera\u00e7\u00e3o tanto na Austr\u00e1lia como internacionalmente. Ele tamb\u00e9m possui experi\u00eancia significante na China onde morou por muitos anos, e tamb\u00e9m na \u00c1frica (Zambia) e Papua Nova Guin\u00e9 (Bougainville). Paul \u00e9 um metalurgista que j\u00e1 possuiu posi\u00e7\u00f5es t\u00e9cnicas e de alta ger\u00eancia dentro do grupo Rio Tinto Limited durante a d\u00e9cada de 80 e 90, incluindo como Diretor Geral do porto Dampier da Hamersley Iron e opera\u00e7\u00f5es ferrovi\u00e1rias, Diretor Geral das\u00a0opera\u00e7\u00f5es Paraburdoo &amp; Channar da Hamersley Iron e Diretor Geral da Novacoal e Kembla Coal &amp; Coke. Mais recentemente ele foi Diretor Geral da WesTrac Equipment de 1997 a 2000 antes de ter um papel integral no estabelecimento bem sucedido da WesTrac China, como Presidente sediado na China.<\/p>\n<h2>John O&#8217;Connor, <em>Conselheiro da Diretoria<\/em><\/h2>\n<p>John possui mais de 30 anos de envolvimento no movimento do Sindicato do Com\u00e9rcio e oferece especialidade significante em rela\u00e7\u00e3o a assuntos sobre rela\u00e7\u00f5es industriais. Sua experi\u00eancia inclui:<\/p>\n<ul>\n<li>Diretor da Fremantle Ports<\/li>\n<li>Diretor da Western Power (atualmente Verve Energy)<\/li>\n<li>Comiss\u00e1rio de Rela\u00e7\u00f5es Industriais da Austr\u00e1lia<\/li>\n<li>Presidente Nacional do Sindicato dos Trabalhadores de Transporte<\/li>\n<li>Secret\u00e1rio Estadual do Sindicato dos Trabalhadores de Transporte<\/li>\n<\/ul>\n<h2>Rt Hon Lord Anthony St John of Bletso, <em>Conselheiro da Diretoria<\/em><\/h2>\n<p>Anthony qualificou-se como advogado na \u00c1frica do Sul e graduou-se em Mestrado em Direito na London School of Economics. Ele possui mais de 20 anos de experi\u00eancia na ind\u00fastria financeira. Ele faz parte da diretoria de v\u00e1rias empresas p\u00fablicas e privadas. Desde que assumiu um lugar na C\u00e2mara de Lorders como Crossbencher em 1978, ele participou de v\u00e1rios Sub Comit\u00eas da Uni\u00e3o Europeia incluindo Com\u00e9rcio, Finan\u00e7as e Rela\u00e7\u00f5es Exteriores e tamb\u00e9m Mercados Internos e Desregulamenta\u00e7\u00e3o. Ele tem sido um Lord in Waiting extra para Sua Majestade a Rainha desde 1999.<\/p>\n<h2>Goran Dubljevic, <em>T\u00e9cnico<\/em><\/h2>\n<p>Goran possui mais de 25 anos de experi\u00eancia professional, mais recentemente como Gerente da SKM Manager \u2013 Engenharia Marinha e Arquitetura Naval. Ele \u00e9 um engenheiro mec\u00e2nico experiente (arquiteto naval) que teve experi\u00eancia de primeira-m\u00e3o na constru\u00e7\u00e3o, design, integra\u00e7\u00e3o e conserto de v\u00e1rios navios internacionais e estruturas mar\u00edtimas tanto do ponto t\u00e9cnico como de gest\u00e3o.<\/p>\n<p>A impressionante experi\u00eancia internacional de Goran inclui envolvimento com atividades de design, constru\u00e7\u00e3o, e sistema de integra\u00e7\u00e3o ao longo de uma variedade de embarca\u00e7\u00f5es e estruturas mar\u00edtimas. Algumas dessas incluem; barcas (propuls\u00e3o pr\u00f3pria, split hopper), rebocadores, barcos motorizados flutuantes em alum\u00ednio e a\u00e7o, transportadores de petr\u00f3leo, hovercrafts, barcos de trabalho, barcos de patrulha, fragata, balsa de passageiros em a\u00e7o e alum\u00ednio etc.<\/p>\n<p>Goran possui experi\u00eancia em Gest\u00e3o de Estaleiros e Gest\u00e3o de Produ\u00e7\u00e3o, e liderou equipes multidisciplinares na entrega de projetos de estrutura mar\u00edtima\/constru\u00e7\u00e3o de navios EPCM para clientes comerciais e for\u00e7as armadas.<\/p>\n<h2>Nick Bradshaw, <em>Representa\u00e7\u00e3o dos EUA<\/em><\/h2>\n<p>Nick possui quarenta anos de experi\u00eancia na ind\u00fastria de petr\u00f3leo e g\u00e1s, predominantemente em engenharia e constru\u00e7\u00e3o offshore, incluindo desenvolvimento t\u00e9cnico, de projetos, de neg\u00f3cios e gest\u00e3o corporativa onde liderou o desenvolvimento de solu\u00e7\u00f5es inovadores para muitos desafios da ind\u00fastria petrol\u00edfera offshore. Quase a metade de sua carreira foi em coloca\u00e7\u00f5es internacionais.<\/p>\n","protected":false},"excerpt":{"rendered":"<p>John Jenkin, Presidente do Conselho (N\u00e3o-Executivo) John Jenkin possui trinta anos de experi\u00eancia em com\u00e9rcio, gest\u00e3o portu\u00e1ria e despacho. Sua experi\u00eancia inclui dez anos como Comiss\u00e1rio de Com\u00e9rcio do Governo Australiano, incluindo postos na Europa e \u00c1sia e envolvimento no estabelecimento de carregamentos de carv\u00e3o e min\u00e9rio de ferro para a Europa, quinze anos como &hellip;<\/p>\n","protected":false},"author":1,"featured_media":0,"parent":68,"menu_order":1,"comment_status":"closed","ping_status":"closed","template":"","meta":{"footnotes":""},"_links":{"self":[{"href":"https:\/\/nationalports.com\/br\/wp-json\/wp\/v2\/pages\/73"}],"collection":[{"href":"https:\/\/nationalports.com\/br\/wp-json\/wp\/v2\/pages"}],"about":[{"href":"https:\/\/nationalports.com\/br\/wp-json\/wp\/v2\/types\/page"}],"author":[{"embeddable":true,"href":"https:\/\/nationalports.com\/br\/wp-json\/wp\/v2\/users\/1"}],"replies":[{"embeddable":true,"href":"https:\/\/nationalports.com\/br\/wp-json\/wp\/v2\/comments?post=73"}],"version-history":[{"count":1,"href":"https:\/\/nationalports.com\/br\/wp-json\/wp\/v2\/pages\/73\/revisions"}],"predecessor-version":[{"id":74,"href":"https:\/\/nationalports.com\/br\/wp-json\/wp\/v2\/pages\/73\/revisions\/74"}],"up":[{"embeddable":true,"href":"https:\/\/nationalports.com\/br\/wp-json\/wp\/v2\/pages\/68"}],"wp:attachment":[{"href":"https:\/\/nationalports.com\/br\/wp-json\/wp\/v2\/media?parent=73"}],"curies":[{"name":"wp","href":"https:\/\/api.w.org\/{rel}","templated":true}]}}