{"id":75,"date":"2017-03-09T03:13:11","date_gmt":"2017-03-09T03:13:11","guid":{"rendered":"http:\/\/np.webdew.com.au\/br\/?page_id=75"},"modified":"2017-03-09T05:48:57","modified_gmt":"2017-03-09T05:48:57","slug":"requerimento-de-carreira","status":"publish","type":"page","link":"https:\/\/nationalports.com\/br\/companhia\/requerimento-de-carreira\/","title":{"rendered":"Requerimento de Carreira"},"content":{"rendered":"\n<div class=\"wpcf7 no-js\" id=\"wpcf7-f125-o1\" lang=\"en-US\" dir=\"ltr\">\n<div class=\"screen-reader-response\"><p role=\"status\" aria-live=\"polite\" aria-atomic=\"true\"><\/p> <ul><\/ul><\/div>\n<form action=\"\/br\/wp-json\/wp\/v2\/pages\/75#wpcf7-f125-o1\" method=\"post\" class=\"wpcf7-form init\" aria-label=\"Contact form\" novalidate=\"novalidate\" data-status=\"init\">\n<div style=\"display: none;\">\n<input type=\"hidden\" name=\"_wpcf7\" value=\"125\" \/>\n<input type=\"hidden\" name=\"_wpcf7_version\" value=\"5.9.8\" \/>\n<input type=\"hidden\" name=\"_wpcf7_locale\" value=\"en_US\" \/>\n<input type=\"hidden\" name=\"_wpcf7_unit_tag\" value=\"wpcf7-f125-o1\" \/>\n<input type=\"hidden\" name=\"_wpcf7_container_post\" value=\"0\" \/>\n<input type=\"hidden\" name=\"_wpcf7_posted_data_hash\" value=\"\" \/>\n<input type=\"hidden\" name=\"_wpcf7_recaptcha_response\" value=\"\" \/>\n<\/div>\n<div class=\"form-group name\"><label class=\"\">Nome <span class=\"required\">*<\/span><\/label><input class=\"wpcf7-form-control wpcf7-text wpcf7-validates-as-required form-control\" name=\"name\" type=\"text\" value=\"\" aria-invalid=\"false\" aria-required=\"true\" required><\/div>\n<div class=\"form-group email\"><label class=\"\">Email <span class=\"required\">*<\/span><\/label><input class=\"wpcf7-form-control wpcf7-email wpcf7-validates-as-required wpcf7-text wpcf7-validates-as-email form-control\" name=\"email\" type=\"email\" value=\"\" aria-invalid=\"false\" aria-required=\"true\" required><\/div>\n<div class=\"form-group message\"><label class=\"\">\u00c1rea de interesse<\/label><textarea class=\"wpcf7-form-control wpcf7-textarea form-control\" name=\"message\" rows=\"4\" placeholder=\"Favor explicar brevemente sua \u00e1rea de especialidade, e a posi\u00e7\u00e3o que deseja preencher\" aria-invalid=\"false\"><\/textarea><\/div>\n<div class=\"form-group file-cv\"><label class=\"\">Carregue seu CV <span class=\"required\">*<\/span><\/label><input class=\"wpcf7-form-control wpcf7-file wpcf7-validates-as-required \" name=\"file-cv\" type=\"file\" aria-invalid=\"false\" aria-required=\"true\" required><\/div>\nVoc\u00ea pode carregar um documento em word ou arquivo em pdf que n\u00e3o ultrapasse o tamanho de 2MB.<br\/><br\/>\n\n<div class=\"form-group\"><div><input class=\"wpcf7-form-control wpcf7-submit btn btn-primary\" type=\"submit\" value=\"Send\"><\/div><\/div><div class=\"wpcf7-response-output alert alert-warning\"><\/div>\n<\/form>\n<\/div>\n\n","protected":false},"excerpt":{"rendered":"","protected":false},"author":1,"featured_media":0,"parent":68,"menu_order":2,"comment_status":"closed","ping_status":"closed","template":"","meta":{"footnotes":""},"_links":{"self":[{"href":"https:\/\/nationalports.com\/br\/wp-json\/wp\/v2\/pages\/75"}],"collection":[{"href":"https:\/\/nationalports.com\/br\/wp-json\/wp\/v2\/pages"}],"about":[{"href":"https:\/\/nationalports.com\/br\/wp-json\/wp\/v2\/types\/page"}],"author":[{"embeddable":true,"href":"https:\/\/nationalports.com\/br\/wp-json\/wp\/v2\/users\/1"}],"replies":[{"embeddable":true,"href":"https:\/\/nationalports.com\/br\/wp-json\/wp\/v2\/comments?post=75"}],"version-history":[{"count":2,"href":"https:\/\/nationalports.com\/br\/wp-json\/wp\/v2\/pages\/75\/revisions"}],"predecessor-version":[{"id":127,"href":"https:\/\/nationalports.com\/br\/wp-json\/wp\/v2\/pages\/75\/revisions\/127"}],"up":[{"embeddable":true,"href":"https:\/\/nationalports.com\/br\/wp-json\/wp\/v2\/pages\/68"}],"wp:attachment":[{"href":"https:\/\/nationalports.com\/br\/wp-json\/wp\/v2\/media?parent=75"}],"curies":[{"name":"wp","href":"https:\/\/api.w.org\/{rel}","templated":true}]}}